{"id":24,"date":"2014-05-26T18:46:24","date_gmt":"2014-05-26T15:46:24","guid":{"rendered":"http:\/\/whm13.louhi.net\/~martva\/?page_id=24"},"modified":"2015-12-21T10:26:21","modified_gmt":"2015-12-21T08:26:21","slug":"jasenasiat","status":"publish","type":"page","link":"https:\/\/www.martva.fi\/?page_id=24","title":{"rendered":"J\u00e4senasiat"},"content":{"rendered":"<p>J\u00c4SENYYS<br \/>\nMartvan j\u00e4seneksi ovat tervetulleita kaikki kirjoittamisesta kiinnostuneet sek\u00e4 henkil\u00f6t,<br \/>\njotka haluavat kannustaa kirjoittajia maksamalla yhdistyksen kannatusj\u00e4senmaksun.<br \/>\nJ\u00e4senyyteen liittyvist\u00e4 yksityiskohdista voi kysy\u00e4 kaikilta johtokunnan j\u00e4senilt\u00e4.<\/p>\n<p>J\u00c4SENMAKSUT<br \/>\nVuosij\u00e4senmaksu 20,00 \u20ac<br \/>\nKannatusj\u00e4senmaksu 25,00 \u20ac<br \/>\nAinaisj\u00e4senmaksu 200,00 \u20ac<\/p>\n","protected":false},"excerpt":{"rendered":"<p>J\u00c4SENYYS Martvan j\u00e4seneksi ovat tervetulleita kaikki kirjoittamisesta kiinnostuneet sek\u00e4 henkil\u00f6t, jotka haluavat kannustaa kirjoittajia maksamalla yhdistyksen kannatusj\u00e4senmaksun. J\u00e4senyyteen liittyvist\u00e4 yksityiskohdista voi kysy\u00e4 kaikilta johtokunnan j\u00e4senilt\u00e4. J\u00c4SENMAKSUT Vuosij\u00e4senmaksu 20,00 \u20ac Kannatusj\u00e4senmaksu 25,00 \u20ac Ainaisj\u00e4senmaksu 200,00 \u20ac<\/p>\n","protected":false},"author":1,"featured_media":0,"parent":0,"menu_order":20,"comment_status":"closed","ping_status":"closed","template":"","meta":{"footnotes":""},"class_list":["post-24","page","type-page","status-publish","hentry"],"_links":{"self":[{"href":"https:\/\/www.martva.fi\/index.php?rest_route=\/wp\/v2\/pages\/24","targetHints":{"allow":["GET"]}}],"collection":[{"href":"https:\/\/www.martva.fi\/index.php?rest_route=\/wp\/v2\/pages"}],"about":[{"href":"https:\/\/www.martva.fi\/index.php?rest_route=\/wp\/v2\/types\/page"}],"author":[{"embeddable":true,"href":"https:\/\/www.martva.fi\/index.php?rest_route=\/wp\/v2\/users\/1"}],"replies":[{"embeddable":true,"href":"https:\/\/www.martva.fi\/index.php?rest_route=%2Fwp%2Fv2%2Fcomments&post=24"}],"version-history":[{"count":7,"href":"https:\/\/www.martva.fi\/index.php?rest_route=\/wp\/v2\/pages\/24\/revisions"}],"predecessor-version":[{"id":149,"href":"https:\/\/www.martva.fi\/index.php?rest_route=\/wp\/v2\/pages\/24\/revisions\/149"}],"wp:attachment":[{"href":"https:\/\/www.martva.fi\/index.php?rest_route=%2Fwp%2Fv2%2Fmedia&parent=24"}],"curies":[{"name":"wp","href":"https:\/\/api.w.org\/{rel}","templated":true}]}}