{"id":5,"date":"2014-04-23T18:15:40","date_gmt":"2014-04-23T15:15:40","guid":{"rendered":"http:\/\/whm13.louhi.net\/~martva\/?page_id=5"},"modified":"2025-08-10T12:41:25","modified_gmt":"2025-08-10T09:41:25","slug":"ajankohtaista","status":"publish","type":"page","link":"https:\/\/www.martva.fi\/?page_id=5","title":{"rendered":"2023"},"content":{"rendered":"\n<div class=\"wp-block-columns is-layout-flex wp-container-core-columns-is-layout-9d6595d7 wp-block-columns-is-layout-flex\">\n<div class=\"wp-block-column is-layout-flow wp-block-column-is-layout-flow\" style=\"flex-basis:33.33%\">\n<figure class=\"wp-block-image size-full\"><a href=\"http:\/\/www.martva.fi\/wp-content\/uploads\/2023\/08\/joonatan_tola.png\"><img loading=\"lazy\" decoding=\"async\" width=\"330\" height=\"500\" src=\"http:\/\/www.martva.fi\/wp-content\/uploads\/2023\/08\/joonatan_tola.png\" alt=\"Joonatan Tola\" class=\"wp-image-370\" srcset=\"https:\/\/www.martva.fi\/wp-content\/uploads\/2023\/08\/joonatan_tola.png 330w, https:\/\/www.martva.fi\/wp-content\/uploads\/2023\/08\/joonatan_tola-198x300.png 198w\" sizes=\"auto, (max-width: 330px) 100vw, 330px\" \/><\/a><figcaption class=\"wp-element-caption\">Kuva: Jyri Keronen, Otava<\/figcaption><\/figure>\n\n\n\n<figure class=\"wp-block-image size-full\"><a href=\"http:\/\/www.martva.fi\/wp-content\/uploads\/2023\/08\/antti_heikkinen.png\"><img loading=\"lazy\" decoding=\"async\" width=\"330\" height=\"445\" src=\"http:\/\/www.martva.fi\/wp-content\/uploads\/2023\/08\/antti_heikkinen.png\" alt=\"Antti Heikkinen\" class=\"wp-image-369\" srcset=\"https:\/\/www.martva.fi\/wp-content\/uploads\/2023\/08\/antti_heikkinen.png 330w, https:\/\/www.martva.fi\/wp-content\/uploads\/2023\/08\/antti_heikkinen-222x300.png 222w\" sizes=\"auto, (max-width: 330px) 100vw, 330px\" \/><\/a><figcaption class=\"wp-element-caption\">Kuva: Otto Virtanen, WSOY<\/figcaption><\/figure>\n\n\n\n<figure class=\"wp-block-image size-full\"><a href=\"http:\/\/www.martva.fi\/wp-content\/uploads\/2023\/08\/paivi_alasalmi.png\"><img loading=\"lazy\" decoding=\"async\" width=\"330\" height=\"335\" src=\"http:\/\/www.martva.fi\/wp-content\/uploads\/2023\/08\/paivi_alasalmi.png\" alt=\"P\u00e4ivi Alasalmi\" class=\"wp-image-368\" srcset=\"https:\/\/www.martva.fi\/wp-content\/uploads\/2023\/08\/paivi_alasalmi.png 330w, https:\/\/www.martva.fi\/wp-content\/uploads\/2023\/08\/paivi_alasalmi-296x300.png 296w\" sizes=\"auto, (max-width: 330px) 100vw, 330px\" \/><\/a><figcaption class=\"wp-element-caption\">Kuva: Martti Lepp\u00e4, Gummerus Kustannus<\/figcaption><\/figure>\n\n\n\n<figure class=\"wp-block-image size-full\"><a href=\"http:\/\/www.martva.fi\/wp-content\/uploads\/2023\/08\/aleksi_eemeli_nissi.png\"><img loading=\"lazy\" decoding=\"async\" width=\"330\" height=\"500\" src=\"http:\/\/www.martva.fi\/wp-content\/uploads\/2023\/08\/aleksi_eemeli_nissi.png\" alt=\"Aleksi ja Eemeli Nissi\" class=\"wp-image-367\" srcset=\"https:\/\/www.martva.fi\/wp-content\/uploads\/2023\/08\/aleksi_eemeli_nissi.png 330w, https:\/\/www.martva.fi\/wp-content\/uploads\/2023\/08\/aleksi_eemeli_nissi-198x300.png 198w\" sizes=\"auto, (max-width: 330px) 100vw, 330px\" \/><\/a><figcaption class=\"wp-element-caption\">Kuva: Lauru Kiru<\/figcaption><\/figure>\n<\/div>\n\n\n\n<div class=\"wp-block-column is-layout-flow wp-block-column-is-layout-flow\" style=\"flex-basis:66.66%\">\n<div class=\"wp-block-columns is-layout-flex wp-container-core-columns-is-layout-9d6595d7 wp-block-columns-is-layout-flex\">\n<div class=\"wp-block-column is-layout-flow wp-block-column-is-layout-flow\" style=\"flex-basis:10%\"><\/div>\n\n\n\n<div class=\"wp-block-column is-layout-flow wp-block-column-is-layout-flow\" style=\"flex-basis:90%\">\n<p class=\"has-text-align-center has-medium-font-size\">Kirjallisuustapahtuma Maruknat lauantaina 26.8.2023 Kiteesalissa<\/p>\n\n\n\n<h1 class=\"wp-block-heading has-text-align-center\">Onni<\/h1>\n\n\n\n<h3 class=\"wp-block-heading\">Ohjelma:<\/h3>\n\n\n\n<p>Klo 12:30 Avaussanat, Martva ry puheenjohtaja Ky\u00f6sti Partanen<\/p>\n\n\n\n<p>Klo 12:45 Kirjailija Joonatan Tola<\/p>\n\n\n\n<p>Klo 13:45 Kahvitauko<\/p>\n\n\n\n<p>Klo 14:15 Taiteilija Kristiina Sotiriou<\/p>\n\n\n\n<p>Klo 14:30 Kirjailija Antti Heikkinen<\/p>\n\n\n\n<p>Klo 15:30 Kirjailija P\u00e4ivi Alasalmi<\/p>\n\n\n\n<p>Klo 16:30 Seminaarin p\u00e4\u00e4t\u00f6s<\/p>\n\n\n\n<p><\/p>\n\n\n\n<p>Tapahtuman juontaa kulttuuriohjaaja Markus Pulkkinen<\/p>\n\n\n\n<p>Tervetuloa! Vapaa p\u00e4\u00e4sy<\/p>\n\n\n\n<p><\/p>\n\n\n\n<p class=\"has-text-align-center\">Iltakonsertti klo 19:00 Kiteesalissa<\/p>\n\n\n\n<p class=\"has-text-align-center has-medium-font-size\">Aleksi ja Eemeli<br>(Nissin veljekset)<\/p>\n\n\n\n<p><\/p>\n\n\n\n<p class=\"has-text-align-center\">Liput 20 euroa<\/p>\n\n\n\n<p class=\"has-text-align-center\"><\/p>\n\n\n\n<p class=\"has-text-align-center\">Lippujen ennakkomyynti: Kiteen Kirja-info<\/p>\n\n\n\n<p class=\"has-text-align-center\"><\/p>\n\n\n\n<p class=\"has-text-align-center\">Kiitos tuesta: Kiteen kaupunki ja Potoska Publishing Ltd. Oy<\/p>\n\n\n\n<p class=\"has-text-align-center\">J\u00e4rjest\u00e4j\u00e4: Martva ry.<\/p>\n<\/div>\n<\/div>\n<\/div>\n<\/div>\n\n\n\n<p><\/p>\n","protected":false},"excerpt":{"rendered":"<p>Kirjallisuustapahtuma Maruknat lauantaina 26.8.2023 Kiteesalissa Onni Ohjelma: Klo 12:30 Avaussanat, Martva ry puheenjohtaja Ky\u00f6sti Partanen Klo 12:45 Kirjailija Joonatan Tola Klo 13:45 Kahvitauko Klo 14:15 Taiteilija Kristiina Sotiriou Klo 14:30 Kirjailija Antti Heikkinen Klo 15:30 Kirjailija P\u00e4ivi Alasalmi Klo 16:30 Seminaarin p\u00e4\u00e4t\u00f6s Tapahtuman juontaa kulttuuriohjaaja Markus Pulkkinen Tervetuloa! Vapaa p\u00e4\u00e4sy Iltakonsertti klo 19:00 Kiteesalissa Aleksi [&hellip;]<\/p>\n","protected":false},"author":1,"featured_media":0,"parent":28,"menu_order":0,"comment_status":"closed","ping_status":"closed","template":"","meta":{"footnotes":""},"class_list":["post-5","page","type-page","status-publish","hentry"],"_links":{"self":[{"href":"https:\/\/www.martva.fi\/index.php?rest_route=\/wp\/v2\/pages\/5","targetHints":{"allow":["GET"]}}],"collection":[{"href":"https:\/\/www.martva.fi\/index.php?rest_route=\/wp\/v2\/pages"}],"about":[{"href":"https:\/\/www.martva.fi\/index.php?rest_route=\/wp\/v2\/types\/page"}],"author":[{"embeddable":true,"href":"https:\/\/www.martva.fi\/index.php?rest_route=\/wp\/v2\/users\/1"}],"replies":[{"embeddable":true,"href":"https:\/\/www.martva.fi\/index.php?rest_route=%2Fwp%2Fv2%2Fcomments&post=5"}],"version-history":[{"count":26,"href":"https:\/\/www.martva.fi\/index.php?rest_route=\/wp\/v2\/pages\/5\/revisions"}],"predecessor-version":[{"id":401,"href":"https:\/\/www.martva.fi\/index.php?rest_route=\/wp\/v2\/pages\/5\/revisions\/401"}],"up":[{"embeddable":true,"href":"https:\/\/www.martva.fi\/index.php?rest_route=\/wp\/v2\/pages\/28"}],"wp:attachment":[{"href":"https:\/\/www.martva.fi\/index.php?rest_route=%2Fwp%2Fv2%2Fmedia&parent=5"}],"curies":[{"name":"wp","href":"https:\/\/api.w.org\/{rel}","templated":true}]}}